{"id":34,"date":"2021-10-10T22:45:56","date_gmt":"2021-10-10T20:45:56","guid":{"rendered":"https:\/\/counterintelligence.pl\/?page_id=34"},"modified":"2021-11-17T23:08:45","modified_gmt":"2021-11-17T22:08:45","slug":"narzedzia","status":"publish","type":"page","link":"https:\/\/counterintelligence.pl\/en\/narzedzia\/","title":{"rendered":"Tools"},"content":{"rendered":"<p><\/p>\n\n\n\n<p><a href=\"https:\/\/start.me\/p\/DP62zl\/counterintelligence-pl\">All links in form of start.me page<\/a><\/p>\n\n\n\n<p class=\"has-vivid-red-color has-text-color\">Malware analysis and sample repositories<\/p>\n\n\n\n<ul class=\"wp-block-list\"><li><a data-type=\"URL\" data-id=\"https:\/\/www.virustotal.com\/gui\/home\/upload\" href=\"https:\/\/www.virustotal.com\/gui\/home\/upload\">VirusTotal<\/a> - Definitely most popular malware repository, unfortunately most of the features are only available in paid version.<\/li><li><a data-type=\"URL\" data-id=\"https:\/\/www.hybrid-analysis.com\" href=\"https:\/\/www.hybrid-analysis.com\">HybridAnalysis<\/a> - free VT alternative enabling YARA search and downloading samples. <\/li><li><a data-type=\"URL\" data-id=\"https:\/\/vx-underground.org\/samples.html\" href=\"https:\/\/vx-underground.org\/samples.html\">VX-Underground<\/a><\/li><li><a data-type=\"URL\" data-id=\"https:\/\/bazaar.abuse.ch\/browse\/\" href=\"https:\/\/bazaar.abuse.ch\/browse\/\">MalwareBazaar<\/a><\/li><li><a data-type=\"URL\" data-id=\"https:\/\/app.any.run\/submissions\/\" href=\"https:\/\/app.any.run\/submissions\/\">Any.Run<\/a><\/li><li><a data-type=\"URL\" data-id=\"https:\/\/thezoo.morirt.com\" href=\"https:\/\/thezoo.morirt.com\">theZoo<\/a><\/li><li><a data-type=\"URL\" data-id=\"https:\/\/github.com\/MalwareSamples\/Malware-Feed\/\" href=\"https:\/\/github.com\/MalwareSamples\/Malware-Feed\/\">MalwareFeed<\/a><\/li><li><a data-type=\"URL\" data-id=\"https:\/\/polyswarm.io\" href=\"https:\/\/polyswarm.io\">PolySwarm<\/a><\/li><li><a href=\"https:\/\/koodous.com\">Koodous<\/a><\/li><\/ul>\n\n\n\n<p class=\"has-text-color\" style=\"color:#5bff8c\">Network infrastructure analysis<\/p>\n\n\n\n<ul class=\"wp-block-list\"><li><a data-type=\"URL\" data-id=\"https:\/\/www.shodan.io\/\" href=\"https:\/\/www.shodan.io\/\">Shodan<\/a><\/li><li><a data-type=\"URL\" data-id=\"https:\/\/bgp.he.net\/\" href=\"https:\/\/bgp.he.net\/\">Hurrican Electric BGP Toolkit<\/a><\/li><li><a data-type=\"URL\" data-id=\"https:\/\/mxtoolbox.com\/SuperTool.aspx\" href=\"https:\/\/mxtoolbox.com\/SuperTool.aspx\">MXToolbox SuperTool<\/a><\/li><li><a data-type=\"URL\" data-id=\"https:\/\/community.riskiq.com\/home\" href=\"https:\/\/community.riskiq.com\/home\">PassiveTotal<\/a> - unfortunately community edition has been downgraded in terms of functionality significantly.<\/li><li><a data-type=\"URL\" data-id=\"https:\/\/search.censys.io\/\" href=\"https:\/\/search.censys.io\/\">Censys<\/a><\/li><li><a data-type=\"URL\" data-id=\"https:\/\/www.nerdydata.com\/\" href=\"https:\/\/www.nerdydata.com\/\">NerdyData<\/a> - website searched based on tech stack used.<\/li><li><a data-type=\"URL\" data-id=\"https:\/\/crt.sh\/\" href=\"https:\/\/crt.sh\/\">crt.sh<\/a> - TLS certificates transparency logs.<\/li><li><a data-type=\"URL\" data-id=\"https:\/\/grayhatwarfare.com\" href=\"https:\/\/grayhatwarfare.com\">GreyHatWarfare<\/a> - searches for unprotected resources such as open AWS buckets.<\/li><li><a href=\"https:\/\/www.greynoise.io\">GreyNoise<\/a><\/li><li><a href=\"https:\/\/wigle.net\">WiGLE<\/a><\/li><li><a href=\"https:\/\/leakix.net\">LeakIX<\/a><\/li><li><a href=\"https:\/\/www.zoomeye.org\">ZoomEye<\/a><\/li><\/ul>\n\n\n\n<p class=\"has-text-color\" style=\"color:#de7506\">GEOINT<\/p>\n\n\n\n<ul class=\"wp-block-list\"><li><a href=\"https:\/\/www.google.com\/maps\/\" data-type=\"URL\" data-id=\"https:\/\/www.google.com\/maps\/\">Google Maps<\/a><\/li><li><a href=\"https:\/\/earth.google.com\/web\/\" data-type=\"URL\" data-id=\"https:\/\/earth.google.com\/web\/\">Google Earth<\/a><\/li><li><a href=\"https:\/\/www.bing.com\/maps\" data-type=\"URL\" data-id=\"https:\/\/www.bing.com\/maps\">Bing Maps<\/a><\/li><li><a href=\"https:\/\/map.baidu.com\/\" data-type=\"URL\" data-id=\"https:\/\/map.baidu.com\/\">Baidu Maps<\/a><\/li><li><a href=\"https:\/\/zoom.earth\/\" data-type=\"URL\" data-id=\"https:\/\/zoom.earth\/\">Zoom Earth<\/a><\/li><li><a href=\"https:\/\/livingatlas.arcgis.com\/wayback\/\" data-type=\"URL\" data-id=\"https:\/\/livingatlas.arcgis.com\/wayback\/\">World Imagery Wayback<\/a><\/li><li><a href=\"https:\/\/apps.sentinel-hub.com\/sentinel-playground\/\" data-type=\"URL\" data-id=\"https:\/\/apps.sentinel-hub.com\/sentinel-playground\/\">SentinelHub Playground<\/a><\/li><li><a href=\"https:\/\/apps.sentinel-hub.com\/eo-browser\/\" data-type=\"URL\" data-id=\"https:\/\/apps.sentinel-hub.com\/eo-browser\/\">SentinelHub EO Browser<\/a><\/li><li><a href=\"https:\/\/map.openaerialmap.org\" data-type=\"URL\" data-id=\"https:\/\/map.openaerialmap.org\">OpenAerialMap<\/a><\/li><li><a href=\"https:\/\/www.earthcam.com\">EarthCam<\/a><\/li><li><a href=\"https:\/\/www.suncalc.org\" data-type=\"URL\">SunCalc<\/a> - determining time when picture was taken based on shadows.<\/li><li><a href=\"http:\/\/shadowcalculator.eu\">ShadowCalculator<\/a><\/li><li><a href=\"https:\/\/soar.earth?\">Soar.Earth<\/a><\/li><li><a href=\"https:\/\/www.fotw.info\/flags\/index.html\">Flags of the World<\/a><\/li><li><a href=\"https:\/\/www.earthcam.com\">EarthCam<\/a><\/li><li><a href=\"https:\/\/www.cia.gov\/resources\/cia-maps\/explore-all-locations\/\">CIA World Maps<\/a><\/li><\/ul>\n\n\n\n<p class=\"has-text-color\" style=\"color:#095bff\">Flight tracking<\/p>\n\n\n\n<ul class=\"wp-block-list\"><li><a href=\"https:\/\/www.flightradar24.com\" data-type=\"URL\" data-id=\"https:\/\/www.flightradar24.com\">Flightradar24<\/a><\/li><li><a href=\"https:\/\/flightaware.com\/\" data-type=\"URL\" data-id=\"https:\/\/flightaware.com\/\">Flightaware<\/a><\/li><li><a href=\"https:\/\/globe.adsbexchange.com\/\" data-type=\"URL\" data-id=\"https:\/\/globe.adsbexchange.com\/\">ADS-B Exchange<\/a><\/li><li><a href=\"http:\/\/www.virtualradar.nl\/virtualradar\/desktop.html\">VirtualRadar.nl<\/a><\/li><li><a href=\"http:\/\/planeradar.ru\/VirtualRadar\/desktop.html\" data-type=\"URL\" data-id=\"http:\/\/planeradar.ru\/VirtualRadar\/desktop.html\">Planeradar.ru<\/a><\/li><li><a href=\"https:\/\/radar.freedar.uk\/VirtualRadar\/desktop.html\" data-type=\"URL\" data-id=\"https:\/\/radar.freedar.uk\/VirtualRadar\/desktop.html\">Freedar.uk<\/a><\/li><li><a href=\"https:\/\/www.radarbox.com\/\" data-type=\"URL\" data-id=\"https:\/\/www.radarbox.com\/\">RadarBox<\/a><\/li><\/ul>\n\n\n\n<p class=\"has-text-color\" style=\"color:#268e00\">FININT<\/p>\n\n\n\n<ul class=\"wp-block-list\"><li><a data-type=\"URL\" data-id=\"https:\/\/fintel.io\/\" href=\"https:\/\/fintel.io\/\">Fintel.io<\/a><\/li><li><a data-type=\"URL\" data-id=\"https:\/\/whalewisdom.com\/\" href=\"https:\/\/whalewisdom.com\/\">WhaleWisdom<\/a> - tracking hedge funds transactions.<\/li><li><a data-type=\"URL\" data-id=\"https:\/\/opencorporates.com\/\" href=\"https:\/\/opencorporates.com\/\">OpenCorporates<\/a><\/li><li><a data-type=\"URL\" data-id=\"https:\/\/www.sec.gov\/edgar\/searchedgar\/companysearch.html\" href=\"https:\/\/www.sec.gov\/edgar\/searchedgar\/companysearch.html\">Edgar<\/a>  - US SEC search engine.<\/li><li><a data-type=\"URL\" data-id=\"https:\/\/www.bundesanzeiger.de\/pub\/de\/start?0\" href=\"https:\/\/www.bundesanzeiger.de\/pub\/de\/start?0\">Bundesanzeiger<\/a> - German federal law and company information register.<\/li><li><a href=\"https:\/\/www.gov.uk\/government\/organisations\/companies-house\">Companies House UK<\/a><\/li><li><a data-type=\"URL\" data-id=\"https:\/\/ekrs.ms.gov.pl\/web\/wyszukiwarka-krs\/strona-glowna\/index.html\" href=\"https:\/\/ekrs.ms.gov.pl\/web\/wyszukiwarka-krs\/strona-glowna\/index.html\">Search engine of the National Court Register<\/a><\/li><li><a href=\"https:\/\/www.podatki.gov.pl\/crbr\">Central Register of Real Beneficiaries<\/a><\/li><li><a data-type=\"URL\" data-id=\"https:\/\/www.bindb.com\/bin-database\" href=\"https:\/\/www.bindb.com\/bin-database\">BIN search engine<\/a><\/li><li><a data-type=\"URL\" data-id=\"https:\/\/cthi.taxjustice.net\/en\/\" href=\"https:\/\/cthi.taxjustice.net\/en\/\">Corporate Tax Haven Index<\/a><\/li><li><a data-type=\"URL\" data-id=\"https:\/\/www.walletexplorer.com\/\" href=\"https:\/\/www.walletexplorer.com\/\">Bitcoin wallet explorer<\/a><\/li><li><a href=\"https:\/\/www.gov.uk\/government\/organisations\/companies-house\">UK Companies House<\/a><\/li><li><a href=\"https:\/\/aleph.occrp.org\">OCCRP Aleph - The global archive of research material for investigative reporting<\/a><\/li><li><a href=\"https:\/\/www.wsj.com\/news\/risk-compliance-journal\">WSJ Risk and Compliance Journal<\/a><\/li><\/ul>\n\n\n\n<p class=\"has-pale-cyan-blue-color has-text-color\">SOCMINT<\/p>\n\n\n\n<ul class=\"wp-block-list\"><li><a href=\"https:\/\/trumail.io\/\" data-type=\"URL\" data-id=\"https:\/\/trumail.io\/\">Trumail email verification<\/a><\/li><li><a href=\"https:\/\/tinfoleak.com\/\" data-type=\"URL\" data-id=\"https:\/\/tinfoleak.com\/\">Tinfoleac<\/a><\/li><li><a href=\"https:\/\/knowem.com\/\" data-type=\"URL\" data-id=\"https:\/\/knowem.com\/\">I know <\/a>- username search and verification.<\/li><li><a href=\"https:\/\/followerwonk.com\/\" data-type=\"URL\" data-id=\"https:\/\/followerwonk.com\/\">Followerwonk<\/a> - Twitter followers analytics.<\/li><li><a href=\"http:\/\/spoonbill.io\/\" data-type=\"URL\" data-id=\"http:\/\/spoonbill.io\/\">Spoonbill<\/a> - tracking Twitter bio changes.<\/li><li><a href=\"https:\/\/tweetbeaver.com\/\" data-type=\"URL\" data-id=\"https:\/\/tweetbeaver.com\/\">Tweetbeaver<\/a><\/li><li><a href=\"https:\/\/gramhir.com\">Gramhir - Instagram analyzer<\/a><\/li><\/ul>\n\n\n\n<p class=\"has-text-color\" style=\"color:#ffb640\">Website archives<\/p>\n\n\n\n<ul class=\"wp-block-list\"><li><a href=\"http:\/\/web.archive.org\">Wayback Machine<\/a><\/li><li><a href=\"http:\/\/timetravel.mementoweb.org\">Timetravel<\/a><\/li><li><a href=\"https:\/\/archive.vn\">Archive.today<\/a><\/li><li><a href=\"https:\/\/webcitation.org\">WebCite<\/a><\/li><li><a href=\"https:\/\/cachedview.com\">CachedView<\/a><\/li><\/ul>\n\n\n\n<p class=\"has-text-color\" style=\"color:#ff0dbe\">Search engines<\/p>\n\n\n\n<ul class=\"wp-block-list\"><li><a href=\"http:\/\/www.google.com\">Google<\/a><\/li><li><a href=\"https:\/\/www.bing.com\/\" data-type=\"URL\" data-id=\"https:\/\/www.bing.com\/\">Bing<\/a><\/li><li><a href=\"https:\/\/yandex.com\/\" data-type=\"URL\" data-id=\"https:\/\/yandex.com\/\">Yandex<\/a><\/li><li><a href=\"https:\/\/www.searchenginecolossus.com\/\" data-type=\"URL\" data-id=\"https:\/\/www.searchenginecolossus.com\/\">Search Engine Colossus<\/a> - search engine index<\/li><\/ul>\n\n\n\n<p class=\"has-vivid-cyan-blue-color has-text-color\">Translation services<\/p>\n\n\n\n<ul class=\"wp-block-list\"><li><a href=\"https:\/\/translate.google.com\" data-type=\"URL\" data-id=\"https:\/\/translate.google.com\">Google Translate<\/a><\/li><li><a href=\"https:\/\/www.deepl.com\/translator\" data-type=\"URL\" data-id=\"https:\/\/www.deepl.com\/translator\">DeepL Translator<\/a><\/li><li><a href=\"https:\/\/www.translate.com\" data-type=\"URL\" data-id=\"https:\/\/www.translate.com\">Translate.com<\/a><\/li><li><a href=\"https:\/\/www.linguee.com\">Linguee<\/a><\/li><\/ul>\n\n\n\n<p>Miscellaneous tools<\/p>\n\n\n\n<ul class=\"wp-block-list\"><li><a href=\"https:\/\/www.maltego.com\">Maltego<\/a><\/li><li><a href=\"https:\/\/gchq.github.io\/CyberChef\/\">CyberChef<\/a><\/li><li><a href=\"https:\/\/www.timeanddate.com\/worldclock\/converter.html\">TimeZone Converter<\/a><\/li><\/ul>","protected":false},"excerpt":{"rendered":"<p>Wszystkie linki w formie tablicy start.me Analiza i \u017ar\u00f3d\u0142a pr\u00f3bek malware&#8217;u VirusTotal &#8211; zdecydowanie najpopularniejszy serwis gromadz\u0105cy z\u0142o\u015bliwe pliki, niestety zdecydowana wi\u0119kszo\u015b\u0107 funkcjonalno\u015bci jest dost\u0119pna tylko w p\u0142atnej wersji. HybridAnalysis &#8211; alternatywa dla VT umo\u017cliwiaj\u0105ca pobieranie plik\u00f3w i wyszukiwania poprzez YARA poprzez darmowe konto VX-Underground MalwareBazaar Any.Run theZoo MalwareFeed PolySwarm [&hellip;]<\/p>\n","protected":false},"author":2,"featured_media":0,"parent":0,"menu_order":0,"comment_status":"closed","ping_status":"closed","template":"","meta":{"cybocfi_hide_featured_image":"","footnotes":""},"class_list":["post-34","page","type-page","status-publish","hentry"],"yoast_head":"<!-- This site is optimized with the Yoast SEO plugin v27.3 - https:\/\/yoast.com\/product\/yoast-seo-wordpress\/ -->\n<title>Narz\u0119dzia - counterintelligence.pl<\/title>\n<meta name=\"robots\" content=\"index, follow, max-snippet:-1, max-image-preview:large, max-video-preview:-1\" \/>\n<link rel=\"canonical\" href=\"https:\/\/counterintelligence.pl\/en\/narzedzia\/\" \/>\n<meta property=\"og:locale\" content=\"en_US\" \/>\n<meta property=\"og:type\" content=\"article\" \/>\n<meta property=\"og:title\" content=\"Narz\u0119dzia - counterintelligence.pl\" \/>\n<meta property=\"og:description\" content=\"Wszystkie linki w formie tablicy start.me Analiza i \u017ar\u00f3d\u0142a pr\u00f3bek malware&#8217;u VirusTotal &#8211; zdecydowanie najpopularniejszy serwis gromadz\u0105cy z\u0142o\u015bliwe pliki, niestety zdecydowana wi\u0119kszo\u015b\u0107 funkcjonalno\u015bci jest dost\u0119pna tylko w p\u0142atnej wersji. HybridAnalysis &#8211; alternatywa dla VT umo\u017cliwiaj\u0105ca pobieranie plik\u00f3w i wyszukiwania poprzez YARA poprzez darmowe konto VX-Underground MalwareBazaar Any.Run theZoo MalwareFeed PolySwarm [&hellip;]\" \/>\n<meta property=\"og:url\" content=\"https:\/\/counterintelligence.pl\/en\/narzedzia\/\" \/>\n<meta property=\"og:site_name\" content=\"counterintelligence.pl\" \/>\n<meta property=\"article:modified_time\" content=\"2021-11-17T22:08:45+00:00\" \/>\n<meta name=\"twitter:card\" content=\"summary_large_image\" \/>\n<meta name=\"twitter:site\" content=\"@lawsecnet\" \/>\n<meta name=\"twitter:label1\" content=\"Est. reading time\" \/>\n\t<meta name=\"twitter:data1\" content=\"2 minutes\" \/>\n<script type=\"application\/ld+json\" class=\"yoast-schema-graph\">{\"@context\":\"https:\\\/\\\/schema.org\",\"@graph\":[{\"@type\":\"WebPage\",\"@id\":\"https:\\\/\\\/counterintelligence.pl\\\/narzedzia\\\/\",\"url\":\"https:\\\/\\\/counterintelligence.pl\\\/narzedzia\\\/\",\"name\":\"Narz\u0119dzia - counterintelligence.pl\",\"isPartOf\":{\"@id\":\"https:\\\/\\\/counterintelligence.pl\\\/#website\"},\"datePublished\":\"2021-10-10T20:45:56+00:00\",\"dateModified\":\"2021-11-17T22:08:45+00:00\",\"breadcrumb\":{\"@id\":\"https:\\\/\\\/counterintelligence.pl\\\/narzedzia\\\/#breadcrumb\"},\"inLanguage\":\"en-US\",\"potentialAction\":[{\"@type\":\"ReadAction\",\"target\":[\"https:\\\/\\\/counterintelligence.pl\\\/narzedzia\\\/\"]}]},{\"@type\":\"BreadcrumbList\",\"@id\":\"https:\\\/\\\/counterintelligence.pl\\\/narzedzia\\\/#breadcrumb\",\"itemListElement\":[{\"@type\":\"ListItem\",\"position\":1,\"name\":\"Home\",\"item\":\"https:\\\/\\\/counterintelligence.pl\\\/\"},{\"@type\":\"ListItem\",\"position\":2,\"name\":\"Narz\u0119dzia\"}]},{\"@type\":\"WebSite\",\"@id\":\"https:\\\/\\\/counterintelligence.pl\\\/#website\",\"url\":\"https:\\\/\\\/counterintelligence.pl\\\/\",\"name\":\"counterintelligence.pl\",\"description\":\"Threat Inteliigence \\\/ OSINT \\\/ NETSEC \\\/ NATSEC\",\"publisher\":{\"@id\":\"https:\\\/\\\/counterintelligence.pl\\\/#\\\/schema\\\/person\\\/a2bd0e683e8f31df48bd02f45508e8ba\"},\"potentialAction\":[{\"@type\":\"SearchAction\",\"target\":{\"@type\":\"EntryPoint\",\"urlTemplate\":\"https:\\\/\\\/counterintelligence.pl\\\/?s={search_term_string}\"},\"query-input\":{\"@type\":\"PropertyValueSpecification\",\"valueRequired\":true,\"valueName\":\"search_term_string\"}}],\"inLanguage\":\"en-US\"},{\"@type\":[\"Person\",\"Organization\"],\"@id\":\"https:\\\/\\\/counterintelligence.pl\\\/#\\\/schema\\\/person\\\/a2bd0e683e8f31df48bd02f45508e8ba\",\"name\":\"Kamil Bojarski\",\"image\":{\"@type\":\"ImageObject\",\"inLanguage\":\"en-US\",\"@id\":\"https:\\\/\\\/i0.wp.com\\\/counterintelligence.pl\\\/wp-content\\\/uploads\\\/2023\\\/11\\\/ci_hor.png?fit=1521%2C721&ssl=1\",\"url\":\"https:\\\/\\\/i0.wp.com\\\/counterintelligence.pl\\\/wp-content\\\/uploads\\\/2023\\\/11\\\/ci_hor.png?fit=1521%2C721&ssl=1\",\"contentUrl\":\"https:\\\/\\\/i0.wp.com\\\/counterintelligence.pl\\\/wp-content\\\/uploads\\\/2023\\\/11\\\/ci_hor.png?fit=1521%2C721&ssl=1\",\"width\":1521,\"height\":721,\"caption\":\"Kamil Bojarski\"},\"logo\":{\"@id\":\"https:\\\/\\\/i0.wp.com\\\/counterintelligence.pl\\\/wp-content\\\/uploads\\\/2023\\\/11\\\/ci_hor.png?fit=1521%2C721&ssl=1\"},\"sameAs\":[\"https:\\\/\\\/counterintelligence.pl\",\"https:\\\/\\\/www.linkedin.com\\\/in\\\/kamil-bojarski\\\/\",\"https:\\\/\\\/x.com\\\/lawsecnet\"]}]}<\/script>\n<!-- \/ Yoast SEO plugin. -->","yoast_head_json":{"title":"Tools - counterintelligence.pl","robots":{"index":"index","follow":"follow","max-snippet":"max-snippet:-1","max-image-preview":"max-image-preview:large","max-video-preview":"max-video-preview:-1"},"canonical":"https:\/\/counterintelligence.pl\/en\/narzedzia\/","og_locale":"en_US","og_type":"article","og_title":"Narz\u0119dzia - counterintelligence.pl","og_description":"Wszystkie linki w formie tablicy start.me Analiza i \u017ar\u00f3d\u0142a pr\u00f3bek malware&#8217;u VirusTotal &#8211; zdecydowanie najpopularniejszy serwis gromadz\u0105cy z\u0142o\u015bliwe pliki, niestety zdecydowana wi\u0119kszo\u015b\u0107 funkcjonalno\u015bci jest dost\u0119pna tylko w p\u0142atnej wersji. HybridAnalysis &#8211; alternatywa dla VT umo\u017cliwiaj\u0105ca pobieranie plik\u00f3w i wyszukiwania poprzez YARA poprzez darmowe konto VX-Underground MalwareBazaar Any.Run theZoo MalwareFeed PolySwarm [&hellip;]","og_url":"https:\/\/counterintelligence.pl\/en\/narzedzia\/","og_site_name":"counterintelligence.pl","article_modified_time":"2021-11-17T22:08:45+00:00","twitter_card":"summary_large_image","twitter_site":"@lawsecnet","twitter_misc":{"Est. reading time":"2 minutes"},"schema":{"@context":"https:\/\/schema.org","@graph":[{"@type":"WebPage","@id":"https:\/\/counterintelligence.pl\/narzedzia\/","url":"https:\/\/counterintelligence.pl\/narzedzia\/","name":"Tools - counterintelligence.pl","isPartOf":{"@id":"https:\/\/counterintelligence.pl\/#website"},"datePublished":"2021-10-10T20:45:56+00:00","dateModified":"2021-11-17T22:08:45+00:00","breadcrumb":{"@id":"https:\/\/counterintelligence.pl\/narzedzia\/#breadcrumb"},"inLanguage":"en-US","potentialAction":[{"@type":"ReadAction","target":["https:\/\/counterintelligence.pl\/narzedzia\/"]}]},{"@type":"BreadcrumbList","@id":"https:\/\/counterintelligence.pl\/narzedzia\/#breadcrumb","itemListElement":[{"@type":"ListItem","position":1,"name":"Home","item":"https:\/\/counterintelligence.pl\/"},{"@type":"ListItem","position":2,"name":"Narz\u0119dzia"}]},{"@type":"WebSite","@id":"https:\/\/counterintelligence.pl\/#website","url":"https:\/\/counterintelligence.pl\/","name":"counterintelligence.pl","description":"Threat Inteliigence \/ OSINT \/ NETSEC \/ NATSEC","publisher":{"@id":"https:\/\/counterintelligence.pl\/#\/schema\/person\/a2bd0e683e8f31df48bd02f45508e8ba"},"potentialAction":[{"@type":"SearchAction","target":{"@type":"EntryPoint","urlTemplate":"https:\/\/counterintelligence.pl\/?s={search_term_string}"},"query-input":{"@type":"PropertyValueSpecification","valueRequired":true,"valueName":"search_term_string"}}],"inLanguage":"en-US"},{"@type":["Person","Organization"],"@id":"https:\/\/counterintelligence.pl\/#\/schema\/person\/a2bd0e683e8f31df48bd02f45508e8ba","name":"Kamil Bojarski","image":{"@type":"ImageObject","inLanguage":"en-US","@id":"https:\/\/i0.wp.com\/counterintelligence.pl\/wp-content\/uploads\/2023\/11\/ci_hor.png?fit=1521%2C721&ssl=1","url":"https:\/\/i0.wp.com\/counterintelligence.pl\/wp-content\/uploads\/2023\/11\/ci_hor.png?fit=1521%2C721&ssl=1","contentUrl":"https:\/\/i0.wp.com\/counterintelligence.pl\/wp-content\/uploads\/2023\/11\/ci_hor.png?fit=1521%2C721&ssl=1","width":1521,"height":721,"caption":"Kamil Bojarski"},"logo":{"@id":"https:\/\/i0.wp.com\/counterintelligence.pl\/wp-content\/uploads\/2023\/11\/ci_hor.png?fit=1521%2C721&ssl=1"},"sameAs":["https:\/\/counterintelligence.pl","https:\/\/www.linkedin.com\/in\/kamil-bojarski\/","https:\/\/x.com\/lawsecnet"]}]}},"jetpack_sharing_enabled":true,"_links":{"self":[{"href":"https:\/\/counterintelligence.pl\/en\/wp-json\/wp\/v2\/pages\/34","targetHints":{"allow":["GET"]}}],"collection":[{"href":"https:\/\/counterintelligence.pl\/en\/wp-json\/wp\/v2\/pages"}],"about":[{"href":"https:\/\/counterintelligence.pl\/en\/wp-json\/wp\/v2\/types\/page"}],"author":[{"embeddable":true,"href":"https:\/\/counterintelligence.pl\/en\/wp-json\/wp\/v2\/users\/2"}],"replies":[{"embeddable":true,"href":"https:\/\/counterintelligence.pl\/en\/wp-json\/wp\/v2\/comments?post=34"}],"version-history":[{"count":21,"href":"https:\/\/counterintelligence.pl\/en\/wp-json\/wp\/v2\/pages\/34\/revisions"}],"predecessor-version":[{"id":216,"href":"https:\/\/counterintelligence.pl\/en\/wp-json\/wp\/v2\/pages\/34\/revisions\/216"}],"wp:attachment":[{"href":"https:\/\/counterintelligence.pl\/en\/wp-json\/wp\/v2\/media?parent=34"}],"curies":[{"name":"wp","href":"https:\/\/api.w.org\/{rel}","templated":true}]}}