{"id":36,"date":"2021-10-10T22:46:09","date_gmt":"2021-10-10T20:46:09","guid":{"rendered":"https:\/\/counterintelligence.pl\/?page_id=36"},"modified":"2021-11-11T14:18:05","modified_gmt":"2021-11-11T13:18:05","slug":"zrodla","status":"publish","type":"page","link":"https:\/\/counterintelligence.pl\/en\/zrodla\/","title":{"rendered":"Resources"},"content":{"rendered":"<p><\/p>\n\n\n\n<p><a href=\"https:\/\/start.me\/p\/DP62zl\/counterintelligence-pl\">All links in form of start.me page<\/a><\/p>\n\n\n\n<p>OSINT investigations<\/p>\n\n\n\n<ul class=\"wp-block-list\"><li><a href=\"https:\/\/www.bellingcat.com\" data-type=\"URL\" data-id=\"https:\/\/www.bellingcat.com\">Bellingcat<\/a><\/li><li><a href=\"https:\/\/www.tearline.mil\" data-type=\"URL\" data-id=\"https:\/\/www.tearline.mil\">Tearline<\/a><\/li><li><a href=\"https:\/\/forensic-architecture.org\">Forensic Architecture<\/a><\/li><li><a href=\"https:\/\/citizenlab.ca\" data-type=\"URL\" data-id=\"https:\/\/citizenlab.ca\">CitizenLab<\/a><\/li><li><a href=\"https:\/\/citizenevidence.org\" data-type=\"URL\" data-id=\"https:\/\/citizenevidence.org\">Amnesty Citizen Evidence Lab<\/a><\/li><\/ul>\n\n\n\n<p>OSINT sites<\/p>\n\n\n\n<ul class=\"wp-block-list\"><li><a href=\"https:\/\/inteltechniques.com\">IntelTechniques<\/a><\/li><li><a href=\"https:\/\/osintcurio.us\">Osint Curious<\/a><\/li><li><a href=\"https:\/\/www.tracelabs.org\">Trace Labs<\/a><\/li><li><a href=\"https:\/\/www.osintme.com\" data-type=\"URL\" data-id=\"https:\/\/www.osintme.com\">osintme<\/a><\/li><li><a href=\"https:\/\/osintfr.com\/en\/home\/\" data-type=\"URL\" data-id=\"https:\/\/osintfr.com\/en\/home\/\">osint-fr<\/a><\/li><li>OsintDojo<\/li><li><a href=\"https:\/\/nixintel.info\">Nixtel<\/a><\/li><li><a href=\"https:\/\/www.aware-online.com\">Aware-Online<\/a><\/li><li><a href=\"https:\/\/www.offensiveosint.io\">Offensive OSINT<\/a><\/li><li><a href=\"https:\/\/ukdefencejournal.org.uk\/the-osint-bunker\/\">OSINT Bunker<\/a><\/li><\/ul>\n\n\n\n<p>International news<\/p>\n\n\n\n<ul class=\"wp-block-list\"><li><a href=\"https:\/\/www.bbc.com\/news\">BBC News<\/a><\/li><li><a href=\"https:\/\/www.reuters.com\">Reuters<\/a><\/li><li><a href=\"https:\/\/www.washingtonpost.com\">The Washington Post<\/a><\/li><li><a href=\"https:\/\/www.lemonde.fr\">Le Monde<\/a><\/li><li><a href=\"https:\/\/www.sueddeutsche.de\">S\u00fcddeutsche Zeitung<\/a><\/li><li><a href=\"https:\/\/www.aljazeera.com\">Al Jazeera<\/a><\/li><li><a href=\"https:\/\/www.pap.pl\">Polish Press Agency<\/a><\/li><li><a href=\"https:\/\/tvn24.pl\">TVN24<\/a><\/li><li><a href=\"https:\/\/www.japantimes.co.jp\">Japan Times<\/a><\/li><li><a href=\"https:\/\/www.ecns.cn\">China News Service<\/a><\/li><li><a href=\"https:\/\/www.news.com.au\">News.com.au<\/a><\/li><li><a href=\"https:\/\/www.africanews.com\">AfricaNews.com<\/a><\/li><li><a href=\"https:\/\/www.panapress.com\">Mr. African News Agency<\/a><\/li><li><a href=\"https:\/\/www.arabnews.com\/saudiarabia\">ArabNews<\/a><\/li><li><a href=\"https:\/\/www.jordannews.jo\">JordanNews<\/a><\/li><li><a href=\"https:\/\/www.brazilnews.net\">BrazilNews<\/a><\/li><li><a href=\"https:\/\/hongkongfp.com\">Hong Kong Free Press<\/a><\/li><\/ul>\n\n\n\n<p>Research organisations<\/p>\n\n\n\n<ul class=\"wp-block-list\"><li><a href=\"https:\/\/www.csis.org\">CSIS<\/a><\/li><li><a href=\"https:\/\/www.brookings.edu\">Brookings<\/a><\/li><li><a href=\"https:\/\/thediplomat.com\">The Diplomat<\/a><\/li><li><a href=\"https:\/\/hcss.nl\">The Hague Center for Strategic Studies<\/a><\/li><li><a href=\"http:\/\/www.bas.sejm.gov.pl\">Sejm Analysis Office<\/a><\/li><li><a href=\"https:\/\/chinaus-icas.org\">Institute for China-American Studies<\/a><\/li><li><a href=\"https:\/\/www.nonproliferation.org\/\">James Martin Center for Nonproliferation Studies (CNS)<\/a><\/li><li><a href=\"https:\/\/www.belfercenter.org\">Belfer Center for Science and International Affairs<\/a><\/li><li><a href=\"https:\/\/www.atlanticcouncil.org\">Atlantic Council<\/a><\/li><li><a href=\"https:\/\/www.fpi.sais-jhu.edu\">SAIS Foreign Policy Institute<\/a><\/li><li><a href=\"https:\/\/www.icij.org\">International Consortium of Investigative Journalism<\/a><\/li><li><a href=\"https:\/\/www.cia.gov\/resources\/csi\/\">CIA Center for the Study of Intelligence<\/a><\/li><li><a href=\"https:\/\/icct.nl\">International Center for Counter-Terrorism<\/a><\/li><li><a href=\"https:\/\/extremism.gwu.edu\">George Washington University Program on Extremism<\/a><\/li><\/ul>\n\n\n\n<p>Threat Intelligence blogs<\/p>\n\n\n\n<ul class=\"wp-block-list\"><li><a href=\"https:\/\/talosintelligence.com\">Cisco Talos<\/a><\/li><li><a href=\"https:\/\/www.fireeye.com\/blog\/threat-research.html\">Mandiant<\/a><\/li><li><a href=\"https:\/\/www.crowdstrike.com\/blog\/category\/threat-intel-research\/\">CrowdStrike<\/a><\/li><li><a href=\"https:\/\/unit42.paloaltonetworks.com\">PaloAlto Unit42<\/a><\/li><li><a href=\"https:\/\/securelist.com\">Kaspersky<\/a><\/li><li><a href=\"https:\/\/blog.f-secure.com\/category\/threats-research\/\">F-Secure<\/a><\/li><li><a href=\"https:\/\/www.trendmicro.com\/en_us\/research.html\">TrendMicro<\/a><\/li><li><a href=\"https:\/\/www.flashpoint-intel.com\/blog\">Flashpoint<\/a><\/li><li><a href=\"https:\/\/www.proofpoint.com\/us\/blog\">Proofpoint<\/a><\/li><li><a href=\"https:\/\/www.welivesecurity.com\">ESET<\/a><\/li><\/ul>\n\n\n\n<p>Defense analysis<\/p>\n\n\n\n<ul class=\"wp-block-list\"><li><a href=\"https:\/\/ukdefencejournal.org.uk\">UK Defense Journal<\/a><\/li><li><a href=\"https:\/\/www.janes.com\">Janes<\/a><\/li><li><a href=\"https:\/\/www.defenseone.com\">Defense One<\/a><\/li><li><a href=\"https:\/\/www.understandingwar.org\/research\">Institute for the Study of War<\/a><\/li><li><a href=\"https:\/\/mwi.usma.edu\">Modern War Institute at West Point<\/a><\/li><li><a href=\"https:\/\/rochan-consulting.com\/blog\/\">Rohan Consulting<\/a><\/li><\/ul>\n\n\n\n<p>Law enforcement requests for information<\/p>\n\n\n\n<ul class=\"wp-block-list\"><li><a href=\"https:\/\/www.fbi.gov\/wanted\/ecap\/seeking-information\">FBI Endangered Child Alert Program<\/a><\/li><li><a href=\"https:\/\/www.accce.gov.au\/what-we-do\/trace-an-object\">Australian Center to Counter Child Exploitation<\/a><\/li><li><a href=\"https:\/\/www.europol.europa.eu\/stopchildabuse\">Europol Stop Child Abuse<\/a><\/li><\/ul>","protected":false},"excerpt":{"rendered":"<p>Wszystkie linki w formie tablicy start.me Analizy i dochodzenia na podstawie informacji z otwartych \u017ar\u00f3de\u0142: Bellingcat Tearline Forensic Architecture CitizenLab Amnesty Citizen Evidence Lab Serwisy o OSINTcie IntelTechniques Osint Curious Trace Labs osintme osint-fr OsintDojo Nixtel Aware-Online Offensive OSINT OSINT Bunker Prasa mi\u0119dzynarodowa BBC News Reuters The Washington Post Le [&hellip;]<\/p>\n","protected":false},"author":2,"featured_media":0,"parent":0,"menu_order":0,"comment_status":"closed","ping_status":"closed","template":"","meta":{"cybocfi_hide_featured_image":"","footnotes":""},"class_list":["post-36","page","type-page","status-publish","hentry"],"yoast_head":"<!-- This site is optimized with the Yoast SEO plugin v27.4 - https:\/\/yoast.com\/product\/yoast-seo-wordpress\/ -->\n<title>\u0179r\u00f3d\u0142a - counterintelligence.pl<\/title>\n<meta name=\"robots\" content=\"index, follow, max-snippet:-1, max-image-preview:large, max-video-preview:-1\" \/>\n<link rel=\"canonical\" href=\"https:\/\/counterintelligence.pl\/en\/zrodla\/\" \/>\n<meta property=\"og:locale\" content=\"en_US\" \/>\n<meta property=\"og:type\" content=\"article\" \/>\n<meta property=\"og:title\" content=\"\u0179r\u00f3d\u0142a - counterintelligence.pl\" \/>\n<meta property=\"og:description\" content=\"Wszystkie linki w formie tablicy start.me Analizy i dochodzenia na podstawie informacji z otwartych \u017ar\u00f3de\u0142: Bellingcat Tearline Forensic Architecture CitizenLab Amnesty Citizen Evidence Lab Serwisy o OSINTcie IntelTechniques Osint Curious Trace Labs osintme osint-fr OsintDojo Nixtel Aware-Online Offensive OSINT OSINT Bunker Prasa mi\u0119dzynarodowa BBC News Reuters The Washington Post Le [&hellip;]\" \/>\n<meta property=\"og:url\" content=\"https:\/\/counterintelligence.pl\/en\/zrodla\/\" \/>\n<meta property=\"og:site_name\" content=\"counterintelligence.pl\" \/>\n<meta property=\"article:modified_time\" content=\"2021-11-11T13:18:05+00:00\" \/>\n<meta name=\"twitter:card\" content=\"summary_large_image\" \/>\n<meta name=\"twitter:site\" content=\"@lawsecnet\" \/>\n<meta name=\"twitter:label1\" content=\"Est. reading time\" \/>\n\t<meta name=\"twitter:data1\" content=\"1 minute\" \/>\n<script type=\"application\/ld+json\" class=\"yoast-schema-graph\">{\"@context\":\"https:\\\/\\\/schema.org\",\"@graph\":[{\"@type\":\"WebPage\",\"@id\":\"https:\\\/\\\/counterintelligence.pl\\\/zrodla\\\/\",\"url\":\"https:\\\/\\\/counterintelligence.pl\\\/zrodla\\\/\",\"name\":\"\u0179r\u00f3d\u0142a - counterintelligence.pl\",\"isPartOf\":{\"@id\":\"https:\\\/\\\/counterintelligence.pl\\\/#website\"},\"datePublished\":\"2021-10-10T20:46:09+00:00\",\"dateModified\":\"2021-11-11T13:18:05+00:00\",\"breadcrumb\":{\"@id\":\"https:\\\/\\\/counterintelligence.pl\\\/zrodla\\\/#breadcrumb\"},\"inLanguage\":\"en-US\",\"potentialAction\":[{\"@type\":\"ReadAction\",\"target\":[\"https:\\\/\\\/counterintelligence.pl\\\/zrodla\\\/\"]}]},{\"@type\":\"BreadcrumbList\",\"@id\":\"https:\\\/\\\/counterintelligence.pl\\\/zrodla\\\/#breadcrumb\",\"itemListElement\":[{\"@type\":\"ListItem\",\"position\":1,\"name\":\"Home\",\"item\":\"https:\\\/\\\/counterintelligence.pl\\\/\"},{\"@type\":\"ListItem\",\"position\":2,\"name\":\"\u0179r\u00f3d\u0142a\"}]},{\"@type\":\"WebSite\",\"@id\":\"https:\\\/\\\/counterintelligence.pl\\\/#website\",\"url\":\"https:\\\/\\\/counterintelligence.pl\\\/\",\"name\":\"counterintelligence.pl\",\"description\":\"Threat Inteliigence \\\/ OSINT \\\/ NETSEC \\\/ NATSEC\",\"publisher\":{\"@id\":\"https:\\\/\\\/counterintelligence.pl\\\/#\\\/schema\\\/person\\\/a2bd0e683e8f31df48bd02f45508e8ba\"},\"potentialAction\":[{\"@type\":\"SearchAction\",\"target\":{\"@type\":\"EntryPoint\",\"urlTemplate\":\"https:\\\/\\\/counterintelligence.pl\\\/?s={search_term_string}\"},\"query-input\":{\"@type\":\"PropertyValueSpecification\",\"valueRequired\":true,\"valueName\":\"search_term_string\"}}],\"inLanguage\":\"en-US\"},{\"@type\":[\"Person\",\"Organization\"],\"@id\":\"https:\\\/\\\/counterintelligence.pl\\\/#\\\/schema\\\/person\\\/a2bd0e683e8f31df48bd02f45508e8ba\",\"name\":\"Kamil Bojarski\",\"image\":{\"@type\":\"ImageObject\",\"inLanguage\":\"en-US\",\"@id\":\"https:\\\/\\\/i0.wp.com\\\/counterintelligence.pl\\\/wp-content\\\/uploads\\\/2023\\\/11\\\/ci_hor.png?fit=1521%2C721&ssl=1\",\"url\":\"https:\\\/\\\/i0.wp.com\\\/counterintelligence.pl\\\/wp-content\\\/uploads\\\/2023\\\/11\\\/ci_hor.png?fit=1521%2C721&ssl=1\",\"contentUrl\":\"https:\\\/\\\/i0.wp.com\\\/counterintelligence.pl\\\/wp-content\\\/uploads\\\/2023\\\/11\\\/ci_hor.png?fit=1521%2C721&ssl=1\",\"width\":1521,\"height\":721,\"caption\":\"Kamil Bojarski\"},\"logo\":{\"@id\":\"https:\\\/\\\/i0.wp.com\\\/counterintelligence.pl\\\/wp-content\\\/uploads\\\/2023\\\/11\\\/ci_hor.png?fit=1521%2C721&ssl=1\"},\"sameAs\":[\"https:\\\/\\\/counterintelligence.pl\",\"https:\\\/\\\/www.linkedin.com\\\/in\\\/kamil-bojarski\\\/\",\"https:\\\/\\\/x.com\\\/lawsecnet\"]}]}<\/script>\n<!-- \/ Yoast SEO plugin. -->","yoast_head_json":{"title":"Sources - counterintelligence.pl","robots":{"index":"index","follow":"follow","max-snippet":"max-snippet:-1","max-image-preview":"max-image-preview:large","max-video-preview":"max-video-preview:-1"},"canonical":"https:\/\/counterintelligence.pl\/en\/zrodla\/","og_locale":"en_US","og_type":"article","og_title":"\u0179r\u00f3d\u0142a - counterintelligence.pl","og_description":"Wszystkie linki w formie tablicy start.me Analizy i dochodzenia na podstawie informacji z otwartych \u017ar\u00f3de\u0142: Bellingcat Tearline Forensic Architecture CitizenLab Amnesty Citizen Evidence Lab Serwisy o OSINTcie IntelTechniques Osint Curious Trace Labs osintme osint-fr OsintDojo Nixtel Aware-Online Offensive OSINT OSINT Bunker Prasa mi\u0119dzynarodowa BBC News Reuters The Washington Post Le [&hellip;]","og_url":"https:\/\/counterintelligence.pl\/en\/zrodla\/","og_site_name":"counterintelligence.pl","article_modified_time":"2021-11-11T13:18:05+00:00","twitter_card":"summary_large_image","twitter_site":"@lawsecnet","twitter_misc":{"Est. reading time":"1 minute"},"schema":{"@context":"https:\/\/schema.org","@graph":[{"@type":"WebPage","@id":"https:\/\/counterintelligence.pl\/zrodla\/","url":"https:\/\/counterintelligence.pl\/zrodla\/","name":"Sources - counterintelligence.pl","isPartOf":{"@id":"https:\/\/counterintelligence.pl\/#website"},"datePublished":"2021-10-10T20:46:09+00:00","dateModified":"2021-11-11T13:18:05+00:00","breadcrumb":{"@id":"https:\/\/counterintelligence.pl\/zrodla\/#breadcrumb"},"inLanguage":"en-US","potentialAction":[{"@type":"ReadAction","target":["https:\/\/counterintelligence.pl\/zrodla\/"]}]},{"@type":"BreadcrumbList","@id":"https:\/\/counterintelligence.pl\/zrodla\/#breadcrumb","itemListElement":[{"@type":"ListItem","position":1,"name":"Home","item":"https:\/\/counterintelligence.pl\/"},{"@type":"ListItem","position":2,"name":"\u0179r\u00f3d\u0142a"}]},{"@type":"WebSite","@id":"https:\/\/counterintelligence.pl\/#website","url":"https:\/\/counterintelligence.pl\/","name":"counterintelligence.pl","description":"Threat Inteliigence \/ OSINT \/ NETSEC \/ NATSEC","publisher":{"@id":"https:\/\/counterintelligence.pl\/#\/schema\/person\/a2bd0e683e8f31df48bd02f45508e8ba"},"potentialAction":[{"@type":"SearchAction","target":{"@type":"EntryPoint","urlTemplate":"https:\/\/counterintelligence.pl\/?s={search_term_string}"},"query-input":{"@type":"PropertyValueSpecification","valueRequired":true,"valueName":"search_term_string"}}],"inLanguage":"en-US"},{"@type":["Person","Organization"],"@id":"https:\/\/counterintelligence.pl\/#\/schema\/person\/a2bd0e683e8f31df48bd02f45508e8ba","name":"Kamil Bojarski","image":{"@type":"ImageObject","inLanguage":"en-US","@id":"https:\/\/i0.wp.com\/counterintelligence.pl\/wp-content\/uploads\/2023\/11\/ci_hor.png?fit=1521%2C721&ssl=1","url":"https:\/\/i0.wp.com\/counterintelligence.pl\/wp-content\/uploads\/2023\/11\/ci_hor.png?fit=1521%2C721&ssl=1","contentUrl":"https:\/\/i0.wp.com\/counterintelligence.pl\/wp-content\/uploads\/2023\/11\/ci_hor.png?fit=1521%2C721&ssl=1","width":1521,"height":721,"caption":"Kamil Bojarski"},"logo":{"@id":"https:\/\/i0.wp.com\/counterintelligence.pl\/wp-content\/uploads\/2023\/11\/ci_hor.png?fit=1521%2C721&ssl=1"},"sameAs":["https:\/\/counterintelligence.pl","https:\/\/www.linkedin.com\/in\/kamil-bojarski\/","https:\/\/x.com\/lawsecnet"]}]}},"jetpack_sharing_enabled":true,"_links":{"self":[{"href":"https:\/\/counterintelligence.pl\/en\/wp-json\/wp\/v2\/pages\/36","targetHints":{"allow":["GET"]}}],"collection":[{"href":"https:\/\/counterintelligence.pl\/en\/wp-json\/wp\/v2\/pages"}],"about":[{"href":"https:\/\/counterintelligence.pl\/en\/wp-json\/wp\/v2\/types\/page"}],"author":[{"embeddable":true,"href":"https:\/\/counterintelligence.pl\/en\/wp-json\/wp\/v2\/users\/2"}],"replies":[{"embeddable":true,"href":"https:\/\/counterintelligence.pl\/en\/wp-json\/wp\/v2\/comments?post=36"}],"version-history":[{"count":14,"href":"https:\/\/counterintelligence.pl\/en\/wp-json\/wp\/v2\/pages\/36\/revisions"}],"predecessor-version":[{"id":202,"href":"https:\/\/counterintelligence.pl\/en\/wp-json\/wp\/v2\/pages\/36\/revisions\/202"}],"wp:attachment":[{"href":"https:\/\/counterintelligence.pl\/en\/wp-json\/wp\/v2\/media?parent=36"}],"curies":[{"name":"wp","href":"https:\/\/api.w.org\/{rel}","templated":true}]}}